{"id":6,"date":"2024-09-10T11:18:37","date_gmt":"2024-09-10T09:18:37","guid":{"rendered":"https:\/\/cta.imt-liege.be\/?page_id=6"},"modified":"2024-10-11T16:40:00","modified_gmt":"2024-10-11T14:40:00","slug":"cta-liege","status":"publish","type":"page","link":"https:\/\/cta.imt-liege.be\/","title":{"rendered":"CTA Li\u00e8ge"},"content":{"rendered":"\t\t<div data-elementor-type=\"wp-page\" data-elementor-id=\"6\" class=\"elementor elementor-6\">\n\t\t\t\t<div class=\"elementor-element elementor-element-58c3f0b e-con-full e-flex e-con e-parent\" data-id=\"58c3f0b\" data-element_type=\"container\" data-settings=\"{&quot;background_background&quot;:&quot;classic&quot;}\">\n\t\t<div class=\"elementor-element elementor-element-755b9a1 e-con-full e-flex e-con e-child\" data-id=\"755b9a1\" data-element_type=\"container\" data-settings=\"{&quot;background_background&quot;:&quot;classic&quot;}\">\n\t\t\t\t<div class=\"elementor-element elementor-element-e4c5919 elementor-hidden-tablet_extra elementor-hidden-tablet elementor-hidden-mobile_extra elementor-hidden-mobile elementor-hidden-desktop elementor-widget elementor-widget-heading\" data-id=\"e4c5919\" data-element_type=\"widget\" data-widget_type=\"heading.default\">\n\t\t\t\t<div class=\"elementor-widget-container\">\n\t\t\t<style>\/*! elementor - v3.23.0 - 05-08-2024 *\/\n.elementor-heading-title{padding:0;margin:0;line-height:1}.elementor-widget-heading .elementor-heading-title[class*=elementor-size-]>a{color:inherit;font-size:inherit;line-height:inherit}.elementor-widget-heading .elementor-heading-title.elementor-size-small{font-size:15px}.elementor-widget-heading .elementor-heading-title.elementor-size-medium{font-size:19px}.elementor-widget-heading .elementor-heading-title.elementor-size-large{font-size:29px}.elementor-widget-heading .elementor-heading-title.elementor-size-xl{font-size:39px}.elementor-widget-heading .elementor-heading-title.elementor-size-xxl{font-size:59px}<\/style><h2 class=\"elementor-heading-title elementor-size-default\">XL<\/h2>\t\t<\/div>\n\t\t\t\t<\/div>\n\t\t\t\t<div class=\"elementor-element elementor-element-75c972c elementor-hidden-desktop elementor-hidden-tablet elementor-hidden-mobile_extra elementor-hidden-mobile elementor-hidden-tablet_extra elementor-widget elementor-widget-heading\" data-id=\"75c972c\" data-element_type=\"widget\" data-widget_type=\"heading.default\">\n\t\t\t\t<div class=\"elementor-widget-container\">\n\t\t\t<h2 class=\"elementor-heading-title elementor-size-default\">L<\/h2>\t\t<\/div>\n\t\t\t\t<\/div>\n\t\t\t\t<div class=\"elementor-element elementor-element-3606485 elementor-hidden-desktop elementor-hidden-tablet_extra elementor-hidden-mobile_extra elementor-hidden-mobile elementor-hidden-tablet elementor-widget elementor-widget-heading\" data-id=\"3606485\" data-element_type=\"widget\" data-widget_type=\"heading.default\">\n\t\t\t\t<div class=\"elementor-widget-container\">\n\t\t\t<h2 class=\"elementor-heading-title elementor-size-default\">M<\/h2>\t\t<\/div>\n\t\t\t\t<\/div>\n\t\t\t\t<div class=\"elementor-element elementor-element-3bd6f43 elementor-hidden-desktop elementor-hidden-tablet_extra elementor-hidden-tablet elementor-hidden-mobile elementor-hidden-mobile_extra elementor-widget elementor-widget-heading\" data-id=\"3bd6f43\" data-element_type=\"widget\" data-widget_type=\"heading.default\">\n\t\t\t\t<div class=\"elementor-widget-container\">\n\t\t\t<h2 class=\"elementor-heading-title elementor-size-default\">S<\/h2>\t\t<\/div>\n\t\t\t\t<\/div>\n\t\t\t\t<div class=\"elementor-element elementor-element-e300127 elementor-hidden-desktop elementor-hidden-tablet_extra elementor-hidden-tablet elementor-hidden-mobile_extra elementor-hidden-mobile elementor-widget elementor-widget-heading\" data-id=\"e300127\" data-element_type=\"widget\" data-widget_type=\"heading.default\">\n\t\t\t\t<div class=\"elementor-widget-container\">\n\t\t\t<h2 class=\"elementor-heading-title elementor-size-default\">XS<\/h2>\t\t<\/div>\n\t\t\t\t<\/div>\n\t\t\t\t<div class=\"elementor-element elementor-element-c677a5f elementor-widget elementor-widget-image\" data-id=\"c677a5f\" data-element_type=\"widget\" data-widget_type=\"image.default\">\n\t\t\t\t<div class=\"elementor-widget-container\">\n\t\t\t<style>\/*! elementor - v3.23.0 - 05-08-2024 *\/\n.elementor-widget-image{text-align:center}.elementor-widget-image a{display:inline-block}.elementor-widget-image a img[src$=\".svg\"]{width:48px}.elementor-widget-image img{vertical-align:middle;display:inline-block}<\/style>\t\t\t\t\t\t\t\t\t\t<img fetchpriority=\"high\" decoding=\"async\" width=\"800\" height=\"383\" src=\"https:\/\/cta.imt-liege.be\/wp-content\/uploads\/2024\/10\/logo-CTA-liege-01.png\" class=\"attachment-large size-large wp-image-226\" alt=\"Logo du Centre de Technologies Avanc\u00e9es de Li\u00e8ge\" srcset=\"https:\/\/cta.imt-liege.be\/wp-content\/uploads\/2024\/10\/logo-CTA-liege-01.png 968w, https:\/\/cta.imt-liege.be\/wp-content\/uploads\/2024\/10\/logo-CTA-liege-01-300x144.png 300w, https:\/\/cta.imt-liege.be\/wp-content\/uploads\/2024\/10\/logo-CTA-liege-01-768x368.png 768w\" sizes=\"(max-width: 800px) 100vw, 800px\" \/>\t\t\t\t\t\t\t\t\t\t\t\t\t<\/div>\n\t\t\t\t<\/div>\n\t\t\t\t<div class=\"elementor-element elementor-element-271f8a2 elementor-absolute elementor-invisible elementor-widget elementor-widget-image\" data-id=\"271f8a2\" data-element_type=\"widget\" data-settings=\"{&quot;_position&quot;:&quot;absolute&quot;,&quot;_animation&quot;:&quot;slideInLeft&quot;}\" data-widget_type=\"image.default\">\n\t\t\t\t<div class=\"elementor-widget-container\">\n\t\t\t\t\t\t\t\t\t\t\t\t\t<img decoding=\"async\" width=\"705\" height=\"762\" src=\"https:\/\/cta.imt-liege.be\/wp-content\/uploads\/2024\/09\/main-objet-3D.png\" class=\"attachment-large size-large wp-image-80\" alt=\"\" srcset=\"https:\/\/cta.imt-liege.be\/wp-content\/uploads\/2024\/09\/main-objet-3D.png 705w, https:\/\/cta.imt-liege.be\/wp-content\/uploads\/2024\/09\/main-objet-3D-278x300.png 278w\" sizes=\"(max-width: 705px) 100vw, 705px\" \/>\t\t\t\t\t\t\t\t\t\t\t\t\t<\/div>\n\t\t\t\t<\/div>\n\t\t\t\t<\/div>\n\t\t<div class=\"elementor-element elementor-element-787a64a e-con-full e-flex e-con e-child\" data-id=\"787a64a\" data-element_type=\"container\" data-settings=\"{&quot;background_background&quot;:&quot;classic&quot;}\">\n\t\t<div class=\"elementor-element elementor-element-a1ac46c e-con-full e-flex e-con e-child\" data-id=\"a1ac46c\" data-element_type=\"container\">\n\t\t\t\t<div class=\"elementor-element elementor-element-e054331 animated-slow elementor-invisible elementor-widget elementor-widget-text-editor\" data-id=\"e054331\" data-element_type=\"widget\" data-settings=\"{&quot;_animation&quot;:&quot;bounceInDown&quot;}\" data-widget_type=\"text-editor.default\">\n\t\t\t\t<div class=\"elementor-widget-container\">\n\t\t\t<style>\/*! elementor - v3.23.0 - 05-08-2024 *\/\n.elementor-widget-text-editor.elementor-drop-cap-view-stacked .elementor-drop-cap{background-color:#69727d;color:#fff}.elementor-widget-text-editor.elementor-drop-cap-view-framed .elementor-drop-cap{color:#69727d;border:3px solid;background-color:transparent}.elementor-widget-text-editor:not(.elementor-drop-cap-view-default) .elementor-drop-cap{margin-top:8px}.elementor-widget-text-editor:not(.elementor-drop-cap-view-default) .elementor-drop-cap-letter{width:1em;height:1em}.elementor-widget-text-editor .elementor-drop-cap{float:left;text-align:center;line-height:1;font-size:50px}.elementor-widget-text-editor .elementor-drop-cap-letter{display:inline-block}<\/style>\t\t\t\t<p>La refonte du site est en cours &#8230;<br \/><span style=\"color: #ffffff;\">Pour tout renseignement :<\/span><\/p>\t\t\t\t\t\t<\/div>\n\t\t\t\t<\/div>\n\t\t\t\t<\/div>\n\t\t<div class=\"elementor-element elementor-element-24d5982 e-con-full e-flex e-con e-child\" data-id=\"24d5982\" data-element_type=\"container\" data-settings=\"{&quot;background_background&quot;:&quot;classic&quot;}\">\n\t\t\t\t<div class=\"elementor-element elementor-element-927eb94 elementor-widget elementor-widget-text-editor\" data-id=\"927eb94\" data-element_type=\"widget\" data-widget_type=\"text-editor.default\">\n\t\t\t\t<div class=\"elementor-widget-container\">\n\t\t\t\t\t\t\t<p>Coordonnateur<br \/><span style=\"color: #ffffff;\">Vincent STUCKENS<\/span><br \/>04\/230 41 18<br \/>cta@imt-liege.be<\/p>\t\t\t\t\t\t<\/div>\n\t\t\t\t<\/div>\n\t\t\t\t<\/div>\n\t\t<div class=\"elementor-element elementor-element-c1a9dba e-con-full e-flex e-con e-child\" data-id=\"c1a9dba\" data-element_type=\"container\" data-settings=\"{&quot;background_background&quot;:&quot;classic&quot;}\">\n\t\t\t\t<div class=\"elementor-element elementor-element-e9f0434 elementor-widget elementor-widget-text-editor\" data-id=\"e9f0434\" data-element_type=\"widget\" data-widget_type=\"text-editor.default\">\n\t\t\t\t<div class=\"elementor-widget-container\">\n\t\t\t\t\t\t\t<p>Site d&rsquo;implantation<br \/><span style=\"color: #ffffff;\">Institut Marie-Th\u00e9r\u00e8se<br \/><\/span>Rue Delfosse 25<br \/>4000 Li\u00e8ge<\/p>\t\t\t\t\t\t<\/div>\n\t\t\t\t<\/div>\n\t\t\t\t<\/div>\n\t\t<div class=\"elementor-element elementor-element-d417a08 e-con-full e-flex e-con e-child\" data-id=\"d417a08\" data-element_type=\"container\">\n\t\t\t\t<div class=\"elementor-element elementor-element-af16173 elementor-widget elementor-widget-image\" data-id=\"af16173\" data-element_type=\"widget\" data-widget_type=\"image.default\">\n\t\t\t\t<div class=\"elementor-widget-container\">\n\t\t\t\t\t\t\t\t\t\t\t\t\t<img decoding=\"async\" width=\"411\" height=\"154\" src=\"https:\/\/cta.imt-liege.be\/wp-content\/uploads\/2024\/10\/logos-sponsors-europeens.png\" class=\"attachment-large size-large wp-image-230\" alt=\"logos sponsors europ\u00e9ens\" srcset=\"https:\/\/cta.imt-liege.be\/wp-content\/uploads\/2024\/10\/logos-sponsors-europeens.png 411w, https:\/\/cta.imt-liege.be\/wp-content\/uploads\/2024\/10\/logos-sponsors-europeens-300x112.png 300w\" sizes=\"(max-width: 411px) 100vw, 411px\" \/>\t\t\t\t\t\t\t\t\t\t\t\t\t<\/div>\n\t\t\t\t<\/div>\n\t\t\t\t<\/div>\n\t\t\t\t<\/div>\n\t\t<div class=\"elementor-element elementor-element-9a971d2 e-con-full elementor-hidden-mobile e-flex e-con e-child\" data-id=\"9a971d2\" data-element_type=\"container\" data-settings=\"{&quot;background_background&quot;:&quot;classic&quot;}\">\n\t\t\t\t<div class=\"elementor-element elementor-element-cf32cd6 elementor-widget elementor-widget-image\" data-id=\"cf32cd6\" data-element_type=\"widget\" data-widget_type=\"image.default\">\n\t\t\t\t<div class=\"elementor-widget-container\">\n\t\t\t\t\t\t\t\t\t\t\t\t\t<img loading=\"lazy\" decoding=\"async\" width=\"1920\" height=\"193\" src=\"https:\/\/cta.imt-liege.be\/wp-content\/uploads\/2024\/09\/photos-CTA-liege-IMT.png\" class=\"attachment-full size-full wp-image-32\" alt=\"\" srcset=\"https:\/\/cta.imt-liege.be\/wp-content\/uploads\/2024\/09\/photos-CTA-liege-IMT.png 1920w, https:\/\/cta.imt-liege.be\/wp-content\/uploads\/2024\/09\/photos-CTA-liege-IMT-300x30.png 300w, https:\/\/cta.imt-liege.be\/wp-content\/uploads\/2024\/09\/photos-CTA-liege-IMT-1024x103.png 1024w, https:\/\/cta.imt-liege.be\/wp-content\/uploads\/2024\/09\/photos-CTA-liege-IMT-768x77.png 768w, https:\/\/cta.imt-liege.be\/wp-content\/uploads\/2024\/09\/photos-CTA-liege-IMT-1536x154.png 1536w\" sizes=\"(max-width: 1920px) 100vw, 1920px\" \/>\t\t\t\t\t\t\t\t\t\t\t\t\t<\/div>\n\t\t\t\t<\/div>\n\t\t\t\t<\/div>\n\t\t\t\t<\/div>\n\t\t\t\t<\/div>\n\t\t","protected":false},"excerpt":{"rendered":"<p>XL L M S XS La refonte du site est en cours &#8230;Pour tout renseignement : CoordonnateurVincent STUCKENS04\/230 41 18cta@imt-liege.be Site d&rsquo;implantationInstitut Marie-Th\u00e9r\u00e8seRue Delfosse 254000 Li\u00e8ge<\/p>\n","protected":false},"author":1,"featured_media":0,"parent":0,"menu_order":0,"comment_status":"closed","ping_status":"closed","template":"elementor_canvas","meta":{"footnotes":""},"class_list":["post-6","page","type-page","status-publish","hentry"],"_links":{"self":[{"href":"https:\/\/cta.imt-liege.be\/index.php?rest_route=\/wp\/v2\/pages\/6","targetHints":{"allow":["GET"]}}],"collection":[{"href":"https:\/\/cta.imt-liege.be\/index.php?rest_route=\/wp\/v2\/pages"}],"about":[{"href":"https:\/\/cta.imt-liege.be\/index.php?rest_route=\/wp\/v2\/types\/page"}],"author":[{"embeddable":true,"href":"https:\/\/cta.imt-liege.be\/index.php?rest_route=\/wp\/v2\/users\/1"}],"replies":[{"embeddable":true,"href":"https:\/\/cta.imt-liege.be\/index.php?rest_route=%2Fwp%2Fv2%2Fcomments&post=6"}],"version-history":[{"count":135,"href":"https:\/\/cta.imt-liege.be\/index.php?rest_route=\/wp\/v2\/pages\/6\/revisions"}],"predecessor-version":[{"id":303,"href":"https:\/\/cta.imt-liege.be\/index.php?rest_route=\/wp\/v2\/pages\/6\/revisions\/303"}],"wp:attachment":[{"href":"https:\/\/cta.imt-liege.be\/index.php?rest_route=%2Fwp%2Fv2%2Fmedia&parent=6"}],"curies":[{"name":"wp","href":"https:\/\/api.w.org\/{rel}","templated":true}]}}